{"id":86,"date":"2020-09-21T16:46:07","date_gmt":"2020-09-21T16:46:07","guid":{"rendered":"https:\/\/www.cssigniter.com\/demos\/aegean-resort\/?page_id=86"},"modified":"2024-01-24T14:22:59","modified_gmt":"2024-01-24T14:22:59","slug":"about-us","status":"publish","type":"page","link":"https:\/\/ernestovahiza.com\/hr\/about-us\/","title":{"rendered":"O nama"},"content":{"rendered":"<div id=\"block-dac394-b7\" class=\"wp-block-gutenbee-container block-dac394-b7\"><div class=\"wp-block-gutenbee-container-inner\"><div class=\"wp-block-gutenbee-container-row wp-block-gutenbee-container-lg\">\n<div class=\"wp-block-gutenbee-column block-f08355-97\"><style>@media (max-width: 991px) {\n        .wp-block-gutenbee-column.block-f08355-97 { flex-basis: 100%; }\n      }\n    \n\n      @media (max-width: 575px) {\n        .wp-block-gutenbee-column.block-f08355-97 { flex-basis: 100%; }\n      }<\/style><div class=\"wp-block-gutenbee-column-content\">\n<div class=\"wp-block-gutenbee-spacer block-2fad63-6558-4c\" aria-hidden=\"true\"><style>.wp-block-gutenbee-spacer.block-2fad63-6558-4c { height: 20px; }<\/style><div class=\"wp-block-gutenbee-spacer-background\" data-parallax-speed=\"0.3\"><\/div><\/div>\n\n\n\n<p>Apartman Ernestova hi\u0161a nalazi se u Lokvama u Primorsko-goranskoj \u017eupaniji, na 25 km od Nacionalnog parka Risnjak, te ima besplatni WiFi, dje\u010dje igrali\u0161te, vrt i besplatno privatno parkirali\u0161te.<\/p>\n\n\n\n<p>Pojedine jedinice sadr\u017ee TV ravnog ekrana s kabelskim programima, potpuno opremljenu kuhinju s perilicom posu\u0111a te vlastitu kupaonicu s bideom i ogrta\u010dima.<\/p>\n\n\n\n<p>Svakog dana dostupan je kontinentalni, vegetarijanski ili veganski doru\u010dak.<\/p>\n\n\n\n<p>Gosti apartmana Ernestova hi\u0161a mogu u\u017eivati u skijanju i jedrenju na dasci u okolici, ili se opustiti na terasi za sun\u010danje u okviru objekta.<\/p>\n\n\n\n<p>Pomorski i povijesni muzej Hrvatskog primorja udaljen je 39 km, a Hrvatsko narodno kazali\u0161te Ivan pl. Zajc 40 km od objekta. Najbli\u017ea zra\u010dna luka, Zra\u010dna luka Rijeka, smje\u0161tena je 38 km od apartmana Ernestova hi\u0161a.<\/p>\n\n\n\n<p>\u200b<\/p>\n<\/div><\/div>\n<\/div><\/div><div class=\"wp-block-gutenbee-container-background\" data-parallax-speed=\"0.3\"><\/div><\/div>\n\n\n\n<iframe src=\"https:\/\/www.google.com\/maps\/embed?pb=!1m18!1m12!1m3!1d2803.5153097767666!2d14.749769776659868!3d45.35859554047816!2m3!1f0!2f0!3f0!3m2!1i1024!2i768!4f13.1!3m3!1m2!1s0x476484dbc41ccc91%3A0xcbb6eb88f419f35c!2s%C5%A0kolska%205%2C%2051316%2C%20Lokve%2C%20Croatia!5e0!3m2!1sen!2sba!4v1701689432460!5m2!1sen!2sba\" width=\"100%\" height=\"450\" style=\"border:0;\" allowfullscreen=\"\" loading=\"lazy\" referrerpolicy=\"no-referrer-when-downgrade\"><\/iframe>\n\n\n\n<div class=\"wp-block-gutenbee-spacer block-ad5b89-86f1-4d\" aria-hidden=\"true\"><style>.wp-block-gutenbee-spacer.block-ad5b89-86f1-4d { height: 20px; }<\/style><div class=\"wp-block-gutenbee-spacer-background\" data-parallax-speed=\"0.3\"><\/div><\/div>\n\n\n\n<h2 id=\"block-269efb-51\" class=\"wp-block-gutenbee-heading block-269efb-51\">Ku\u0107na pravila:<\/h2>\n\n\n\n<div id=\"block-ce8019-00\" class=\"wp-block-gutenbee-container block-ce8019-00\"><div class=\"wp-block-gutenbee-container-inner\"><div class=\"wp-block-gutenbee-container-row wp-block-gutenbee-container-lg\">\n<div class=\"wp-block-gutenbee-column block-1ae983-b0d8-4a\"><style>.wp-block-gutenbee-column.block-1ae983-b0d8-4a { flex-basis: 100%; }\n\n\n      @media (max-width: 991px) {\n        .wp-block-gutenbee-column.block-1ae983-b0d8-4a { flex-basis: 100%; }\n      }\n    \n\n      @media (max-width: 575px) {\n        .wp-block-gutenbee-column.block-1ae983-b0d8-4a { flex-basis: 100%; }\n      }<\/style><div class=\"wp-block-gutenbee-column-content\">\n<figure class=\"wp-block-table is-style-stripes\"><table class=\"has-fixed-layout\"><tbody><tr><td><strong>Prijava<\/strong><\/td><td><\/td><\/tr><tr><td>Od 16:00 do 21:00<br>Morate unaprijed obavijestiti objekt o vremenu dolaska.<\/td><td><\/td><\/tr><tr><td><strong>Odjava<\/strong><\/td><td><\/td><\/tr><tr><td>Od 9:00 do 10:00 sati<\/td><td><\/td><\/tr><tr><td><strong>Otkazivanje\/<br>pretplata<\/strong><\/td><td><\/td><\/tr><tr><td>Pravila otkazivanja i pla\u0107anja unaprijed ovise o vrsti apartmana.&nbsp;<\/td><td><\/td><\/tr><tr><td><strong>Povratni depozit za \u0161tetu<\/strong><\/td><td><\/td><\/tr><tr><td><br>Polog za slu\u010daj \u0161tete u iznosu od EUR 200 potrebno je uplatiti prilikom dolaska. To \u0107e biti prikupljeno kao pla\u0107anje u gotovini. Tro\u0161ak bi vam trebao biti vra\u0107en pri odjavi. Va\u0161 depozit \u0107e biti vra\u0107en u cijelosti, u gotovini, podlo\u017eno pregledu nekretnine.<\/td><td><\/td><\/tr><tr><td><strong>Djeca i kreveti<\/strong><\/td><td><\/td><\/tr><tr><td>Pravila za djecu<br>Djeca svih uzrasta su dobrodo\u0161la.<br>Kako biste vidjeli to\u010dne cijene i informacije o popunjenosti, dodajte broj i dob djece u va\u0161oj grupi u pretragu.<br>Pravila dje\u010djeg kreveti\u0107a i pomo\u0107nog le\u017eaja<br>Pomo\u0107ni le\u017eaj na upit 20 \u20ac po osobi, po no\u0107i<br>Cijene pomo\u0107nih le\u017eajeva nisu uklju\u010dene u ukupnu cijenu. Morat \u0107ete ih platiti zasebno tijekom va\u0161eg boravka.<br>Broj dopu\u0161tenih pomo\u0107nih le\u017eajeva ovisi o opciji koju odaberete.&nbsp;<br>Svi dodatni kreveti ovise o raspolo\u017eivosti.<\/td><td><\/td><\/tr><tr><td><strong>Nema dobnih ograni\u010denja<\/strong><\/td><td><\/td><\/tr><tr><td>Ne postoji dobna granica za prijavu<\/td><td><\/td><\/tr><tr><td><strong>Pu\u0161enje<\/strong><\/td><td><\/td><\/tr><tr><td>Pu\u0161enje nije dozvoljeno.<\/td><td><\/td><\/tr><tr><td><strong>Zabave<\/strong><\/td><td><\/td><\/tr><tr><td>Zabave\/doga\u0111aji nisu dopu\u0161teni<\/td><td><\/td><\/tr><tr><td><strong>Tihi sati<\/strong><\/td><td><\/td><\/tr><tr><td>Gosti moraju biti tihi izme\u0111u 23:00 i 9:00 ujutro.<\/td><td><\/td><\/tr><tr><td><strong>Ku\u0107ni ljubimci<\/strong><\/td><td><\/td><\/tr><tr><td>Ku\u0107ni ljubimci su dopu\u0161teni na upit. Mogu\u0107e su naknade.<\/td><td><\/td><\/tr><\/tbody><\/table><\/figure>\n<\/div><\/div>\n<\/div><\/div><div class=\"wp-block-gutenbee-container-background\" data-parallax-speed=\"0.3\"><\/div><\/div>\n\n\n\n<h2 id=\"block-029f4a-9c3f-4a\" class=\"wp-block-gutenbee-heading block-029f4a-9c3f-4a\">Na\u0161i apartmani<\/h2>\n\n\n\n<div id=\"block-80281d-bd47-4b\" class=\"wp-block-gutenbee-container block-80281d-bd47-4b\"><div class=\"wp-block-gutenbee-container-inner\"><div class=\"wp-block-gutenbee-container-row wp-block-gutenbee-container-lg\">\n<div class=\"wp-block-gutenbee-column block-8902dc-eef9-4c\"><style>.wp-block-gutenbee-column.block-8902dc-eef9-4c { flex-basis: 100%; }\n\n\n      @media (max-width: 991px) {\n        .wp-block-gutenbee-column.block-8902dc-eef9-4c { flex-basis: 100%; }\n      }\n    \n\n      @media (max-width: 575px) {\n        .wp-block-gutenbee-column.block-8902dc-eef9-4c { flex-basis: 100%; }\n      }<\/style><div class=\"wp-block-gutenbee-column-content\"><div\n\t\t\t\tid=\"block-5fb4a0-f5e2-4f\"\n\t\t\t\tclass=\"wp-block-gutenbee-post-types block-5fb4a0-f5e2-4f\"\n\t\t\t\t\t\t\t><div class=\"row row-items row-columns-2\">\t\t\t\t<div class=\"apartments term-10 col-sm-6 col-12\">\n<div id=\"entry-item-1018\" class=\"entry-item post-1018 ignition-accommodati type-ignition-accommodati status-publish has-post-thumbnail hentry ignition_accommodation_category-apartments\">\n\t\t\t<figure class=\"entry-item-thumb\">\n\t\t\t<a href=\"https:\/\/ernestovahiza.com\/hr\/accommodation\/standard-villa\/\">\n\t\t\t\t<img loading=\"lazy\" decoding=\"async\" width=\"615\" height=\"410\" src=\"https:\/\/ernestovahiza.com\/wp-content\/uploads\/2023\/12\/368603798-1-615x410.jpg\" class=\"attachment-ignition_item size-ignition_item wp-post-image\" alt=\"Two-Bedroom Apartment\" \/>\t\t\t<\/a>\n\t\t<\/figure>\n\t\n\t<div class=\"entry-item-content\">\n\t\t<h2 class=\"entry-item-title\"><a href=\"https:\/\/ernestovahiza.com\/hr\/accommodation\/standard-villa\/\">Standardna vila<\/a><\/h2>\n\t\t\t\t\t<div class=\"entry-item-excerpt\">\n\t\t\t\t<p>Veli\u010dina vile: 200 m\u00b2<\/p>\n\t\t\t<\/div>\n\t\t\n\t\t<a href=\"https:\/\/ernestovahiza.com\/hr\/accommodation\/standard-villa\/\" class=\"btn btn-entry-more\">\n\t\t\tLearn More\t\t<\/a>\n\t<\/div>\n<\/div>\n<\/div>\t\t\t\t<div class=\"apartments term-10 col-sm-6 col-12\">\n<div id=\"entry-item-1007\" class=\"entry-item post-1007 ignition-accommodati type-ignition-accommodati status-publish has-post-thumbnail hentry ignition_accommodation_category-apartments\">\n\t\t\t<figure class=\"entry-item-thumb\">\n\t\t\t<a href=\"https:\/\/ernestovahiza.com\/hr\/accommodation\/studio\/\">\n\t\t\t\t<img loading=\"lazy\" decoding=\"async\" width=\"615\" height=\"410\" src=\"https:\/\/ernestovahiza.com\/wp-content\/uploads\/2023\/12\/369139216-615x410.jpg\" class=\"attachment-ignition_item size-ignition_item wp-post-image\" alt=\"Studio\" srcset=\"https:\/\/ernestovahiza.com\/wp-content\/uploads\/2023\/12\/369139216-615x410.jpg 615w, https:\/\/ernestovahiza.com\/wp-content\/uploads\/2023\/12\/369139216-16x12.jpg 16w, https:\/\/ernestovahiza.com\/wp-content\/uploads\/2023\/12\/369139216-870x580.jpg 870w\" sizes=\"auto, (max-width: 615px) 100vw, 615px\" \/>\t\t\t<\/a>\n\t\t<\/figure>\n\t\n\t<div class=\"entry-item-content\">\n\t\t<h2 class=\"entry-item-title\"><a href=\"https:\/\/ernestovahiza.com\/hr\/accommodation\/studio\/\">Studio<\/a><\/h2>\n\t\t\t\t\t<div class=\"entry-item-excerpt\">\n\t\t\t\t<p>Veli\u010dina 45 m\u00b2<\/p>\n\t\t\t<\/div>\n\t\t\n\t\t<a href=\"https:\/\/ernestovahiza.com\/hr\/accommodation\/studio\/\" class=\"btn btn-entry-more\">\n\t\t\tLearn More\t\t<\/a>\n\t<\/div>\n<\/div>\n<\/div>\t\t\t\t<div class=\"apartments term-10 col-sm-6 col-12\">\n<div id=\"entry-item-975\" class=\"entry-item post-975 ignition-accommodati type-ignition-accommodati status-publish has-post-thumbnail hentry ignition_accommodation_category-apartments\">\n\t\t\t<figure class=\"entry-item-thumb\">\n\t\t\t<a href=\"https:\/\/ernestovahiza.com\/hr\/accommodation\/two-bedroom-apartment\/\">\n\t\t\t\t<img loading=\"lazy\" decoding=\"async\" width=\"615\" height=\"410\" src=\"https:\/\/ernestovahiza.com\/wp-content\/uploads\/2023\/12\/368603798-1-615x410.jpg\" class=\"attachment-ignition_item size-ignition_item wp-post-image\" alt=\"Two-Bedroom Apartment\" \/>\t\t\t<\/a>\n\t\t<\/figure>\n\t\n\t<div class=\"entry-item-content\">\n\t\t<h2 class=\"entry-item-title\"><a href=\"https:\/\/ernestovahiza.com\/hr\/accommodation\/two-bedroom-apartment\/\">Apartman s 2 spava\u0107e sobe<\/a><\/h2>\n\t\t\t\t\t<div class=\"entry-item-excerpt\">\n\t\t\t\t<p>Veli\u010dina apartmana: 100 m\u00b2<\/p>\n\t\t\t<\/div>\n\t\t\n\t\t<a href=\"https:\/\/ernestovahiza.com\/hr\/accommodation\/two-bedroom-apartment\/\" class=\"btn btn-entry-more\">\n\t\t\tLearn More\t\t<\/a>\n\t<\/div>\n<\/div>\n<\/div>\t\t\t\t<div class=\"apartments term-10 col-sm-6 col-12\">\n<div id=\"entry-item-505\" class=\"entry-item post-505 ignition-accommodati type-ignition-accommodati status-publish has-post-thumbnail hentry ignition_accommodation_category-apartments\">\n\t\t\t<figure class=\"entry-item-thumb\">\n\t\t\t<a href=\"https:\/\/ernestovahiza.com\/hr\/accommodation\/one-bedroom-apartment\/\">\n\t\t\t\t<img loading=\"lazy\" decoding=\"async\" width=\"615\" height=\"410\" src=\"https:\/\/ernestovahiza.com\/wp-content\/uploads\/2023\/01\/368610670-1-615x410.jpg\" class=\"attachment-ignition_item size-ignition_item wp-post-image\" alt=\"One-Bedroom Apartment\" \/>\t\t\t<\/a>\n\t\t<\/figure>\n\t\n\t<div class=\"entry-item-content\">\n\t\t<h2 class=\"entry-item-title\"><a href=\"https:\/\/ernestovahiza.com\/hr\/accommodation\/one-bedroom-apartment\/\">Apartman s 1 spava\u0107om sobom<\/a><\/h2>\n\t\t\t\t\t<div class=\"entry-item-excerpt\">\n\t\t\t\t<p>Veli\u010dina apartmana: 56 m\u00b2<\/p>\n\t\t\t<\/div>\n\t\t\n\t\t<a href=\"https:\/\/ernestovahiza.com\/hr\/accommodation\/one-bedroom-apartment\/\" class=\"btn btn-entry-more\">\n\t\t\tLearn More\t\t<\/a>\n\t<\/div>\n<\/div>\n<\/div><\/div><\/div><\/div><\/div>\n<\/div><\/div><div class=\"wp-block-gutenbee-container-background\" data-parallax-speed=\"0.3\"><\/div><\/div>","protected":false},"excerpt":{"rendered":"<p>Informacije o na\u0161em prekrasnom apartmanu<\/p>","protected":false},"author":1,"featured_media":0,"parent":0,"menu_order":0,"comment_status":"closed","ping_status":"closed","template":"templates\/template-sidebar-content.php","meta":{"footnotes":""},"class_list":["post-86","page","type-page","status-publish","hentry"],"yoast_head":"<!-- This site is optimized with the Yoast SEO plugin v27.0 - https:\/\/yoast.com\/product\/yoast-seo-wordpress\/ -->\n<title>About Us - Apartment Ernestova hi\u0161a<\/title>\n<meta name=\"robots\" content=\"index, follow, max-snippet:-1, max-image-preview:large, max-video-preview:-1\" \/>\n<link rel=\"canonical\" href=\"https:\/\/ernestovahiza.com\/hr\/about-us\/\" \/>\n<meta property=\"og:locale\" content=\"hr_HR\" \/>\n<meta property=\"og:type\" content=\"article\" \/>\n<meta property=\"og:title\" content=\"About Us - Apartment Ernestova hi\u0161a\" \/>\n<meta property=\"og:description\" content=\"Information about our beautiful apartment\" \/>\n<meta property=\"og:url\" content=\"https:\/\/ernestovahiza.com\/hr\/about-us\/\" \/>\n<meta property=\"og:site_name\" content=\"Apartment Ernestova hi\u0161a\" \/>\n<meta property=\"article:modified_time\" content=\"2024-01-24T14:22:59+00:00\" \/>\n<meta name=\"twitter:card\" content=\"summary_large_image\" \/>\n<meta name=\"twitter:label1\" content=\"Procijenjeno vrijeme \u010ditanja\" \/>\n\t<meta name=\"twitter:data1\" content=\"2 minute\" \/>\n<script type=\"application\/ld+json\" class=\"yoast-schema-graph\">{\"@context\":\"https:\/\/schema.org\",\"@graph\":[{\"@type\":\"WebPage\",\"@id\":\"https:\/\/ernestovahiza.com\/about-us\/\",\"url\":\"https:\/\/ernestovahiza.com\/about-us\/\",\"name\":\"About Us - Apartment Ernestova hi\u0161a\",\"isPartOf\":{\"@id\":\"https:\/\/ernestovahiza.com\/#website\"},\"datePublished\":\"2020-09-21T16:46:07+00:00\",\"dateModified\":\"2024-01-24T14:22:59+00:00\",\"breadcrumb\":{\"@id\":\"https:\/\/ernestovahiza.com\/about-us\/#breadcrumb\"},\"inLanguage\":\"hr\",\"potentialAction\":[{\"@type\":\"ReadAction\",\"target\":[\"https:\/\/ernestovahiza.com\/about-us\/\"]}]},{\"@type\":\"BreadcrumbList\",\"@id\":\"https:\/\/ernestovahiza.com\/about-us\/#breadcrumb\",\"itemListElement\":[{\"@type\":\"ListItem\",\"position\":1,\"name\":\"Home\",\"item\":\"https:\/\/ernestovahiza.com\/\"},{\"@type\":\"ListItem\",\"position\":2,\"name\":\"About Us\"}]},{\"@type\":\"WebSite\",\"@id\":\"https:\/\/ernestovahiza.com\/#website\",\"url\":\"https:\/\/ernestovahiza.com\/\",\"name\":\"Apartment Ernestova hi\u0161a\",\"description\":\"Luxury apartments in Lokve, Croatia\",\"publisher\":{\"@id\":\"https:\/\/ernestovahiza.com\/#organization\"},\"potentialAction\":[{\"@type\":\"SearchAction\",\"target\":{\"@type\":\"EntryPoint\",\"urlTemplate\":\"https:\/\/ernestovahiza.com\/?s={search_term_string}\"},\"query-input\":{\"@type\":\"PropertyValueSpecification\",\"valueRequired\":true,\"valueName\":\"search_term_string\"}}],\"inLanguage\":\"hr\"},{\"@type\":\"Organization\",\"@id\":\"https:\/\/ernestovahiza.com\/#organization\",\"name\":\"Apartment Ernestova hi\u0161a\",\"url\":\"https:\/\/ernestovahiza.com\/\",\"logo\":{\"@type\":\"ImageObject\",\"inLanguage\":\"hr\",\"@id\":\"https:\/\/ernestovahiza.com\/#\/schema\/logo\/image\/\",\"url\":\"https:\/\/ernestovahiza.com\/wp-content\/uploads\/2023\/01\/logo-1.png\",\"contentUrl\":\"https:\/\/ernestovahiza.com\/wp-content\/uploads\/2023\/01\/logo-1.png\",\"width\":117,\"height\":38,\"caption\":\"Apartment Ernestova hi\u0161a\"},\"image\":{\"@id\":\"https:\/\/ernestovahiza.com\/#\/schema\/logo\/image\/\"}}]}<\/script>\n<!-- \/ Yoast SEO plugin. -->","yoast_head_json":{"title":"About Us - Apartment Ernestova hi\u0161a","robots":{"index":"index","follow":"follow","max-snippet":"max-snippet:-1","max-image-preview":"max-image-preview:large","max-video-preview":"max-video-preview:-1"},"canonical":"https:\/\/ernestovahiza.com\/hr\/about-us\/","og_locale":"hr_HR","og_type":"article","og_title":"About Us - Apartment Ernestova hi\u0161a","og_description":"Information about our beautiful apartment","og_url":"https:\/\/ernestovahiza.com\/hr\/about-us\/","og_site_name":"Apartment Ernestova hi\u0161a","article_modified_time":"2024-01-24T14:22:59+00:00","twitter_card":"summary_large_image","twitter_misc":{"Procijenjeno vrijeme \u010ditanja":"2 minute"},"schema":{"@context":"https:\/\/schema.org","@graph":[{"@type":"WebPage","@id":"https:\/\/ernestovahiza.com\/about-us\/","url":"https:\/\/ernestovahiza.com\/about-us\/","name":"About Us - Apartment Ernestova hi\u0161a","isPartOf":{"@id":"https:\/\/ernestovahiza.com\/#website"},"datePublished":"2020-09-21T16:46:07+00:00","dateModified":"2024-01-24T14:22:59+00:00","breadcrumb":{"@id":"https:\/\/ernestovahiza.com\/about-us\/#breadcrumb"},"inLanguage":"hr","potentialAction":[{"@type":"ReadAction","target":["https:\/\/ernestovahiza.com\/about-us\/"]}]},{"@type":"BreadcrumbList","@id":"https:\/\/ernestovahiza.com\/about-us\/#breadcrumb","itemListElement":[{"@type":"ListItem","position":1,"name":"Home","item":"https:\/\/ernestovahiza.com\/"},{"@type":"ListItem","position":2,"name":"About Us"}]},{"@type":"WebSite","@id":"https:\/\/ernestovahiza.com\/#website","url":"https:\/\/ernestovahiza.com\/","name":"Apartment Ernestova hi\u0161a","description":"Luxury apartments in Lokve, Croatia","publisher":{"@id":"https:\/\/ernestovahiza.com\/#organization"},"potentialAction":[{"@type":"SearchAction","target":{"@type":"EntryPoint","urlTemplate":"https:\/\/ernestovahiza.com\/?s={search_term_string}"},"query-input":{"@type":"PropertyValueSpecification","valueRequired":true,"valueName":"search_term_string"}}],"inLanguage":"hr"},{"@type":"Organization","@id":"https:\/\/ernestovahiza.com\/#organization","name":"Apartment Ernestova hi\u0161a","url":"https:\/\/ernestovahiza.com\/","logo":{"@type":"ImageObject","inLanguage":"hr","@id":"https:\/\/ernestovahiza.com\/#\/schema\/logo\/image\/","url":"https:\/\/ernestovahiza.com\/wp-content\/uploads\/2023\/01\/logo-1.png","contentUrl":"https:\/\/ernestovahiza.com\/wp-content\/uploads\/2023\/01\/logo-1.png","width":117,"height":38,"caption":"Apartment Ernestova hi\u0161a"},"image":{"@id":"https:\/\/ernestovahiza.com\/#\/schema\/logo\/image\/"}}]}},"_links":{"self":[{"href":"https:\/\/ernestovahiza.com\/hr\/wp-json\/wp\/v2\/pages\/86","targetHints":{"allow":["GET"]}}],"collection":[{"href":"https:\/\/ernestovahiza.com\/hr\/wp-json\/wp\/v2\/pages"}],"about":[{"href":"https:\/\/ernestovahiza.com\/hr\/wp-json\/wp\/v2\/types\/page"}],"author":[{"embeddable":true,"href":"https:\/\/ernestovahiza.com\/hr\/wp-json\/wp\/v2\/users\/1"}],"replies":[{"embeddable":true,"href":"https:\/\/ernestovahiza.com\/hr\/wp-json\/wp\/v2\/comments?post=86"}],"version-history":[{"count":25,"href":"https:\/\/ernestovahiza.com\/hr\/wp-json\/wp\/v2\/pages\/86\/revisions"}],"predecessor-version":[{"id":1170,"href":"https:\/\/ernestovahiza.com\/hr\/wp-json\/wp\/v2\/pages\/86\/revisions\/1170"}],"wp:attachment":[{"href":"https:\/\/ernestovahiza.com\/hr\/wp-json\/wp\/v2\/media?parent=86"}],"curies":[{"name":"wp","href":"https:\/\/api.w.org\/{rel}","templated":true}]}}